{"id":7,"date":"2017-02-01T09:29:37","date_gmt":"2017-02-01T09:29:37","guid":{"rendered":"http:\/\/romanisticainvisiting.uniurb.it\/?page_id=7"},"modified":"2017-02-05T17:02:30","modified_gmt":"2017-02-05T17:02:30","slug":"mobilita","status":"publish","type":"page","link":"https:\/\/romanisticainvisiting.uniurb.it\/?page_id=7","title":{"rendered":"Mobilit\u00e0"},"content":{"rendered":"<p>Per avviare un discorso di mobilit\u00e0, \u00e8 necessario che l\u2019ateneo di appartenenza dello studioso che voglia partire e l\u2019ateneo del docente che debba ricevere l\u2019ospite straniero, prendano contatto fra loro. Tali contatti possono sfociare o in accordi ERASMUS o nella mobilit\u00e0 specifica dei Visiting Professor.<\/p>\n<ul>\n<li>ACCORDI ERASMUS<\/li>\n<\/ul>\n<p>Gli accordi ERASMUS sono disciplinati con normative pressoch\u00e9 analoghe su tutto il territorio nazionale. I punti base sono:<\/p>\n<ol>\n<li>la presenza di un accordo fra i due atenei; se esso non esiste, in circa una quindicina di giorni esso pu\u00f2 essere realizzato<\/li>\n<li>l\u2019accordo comunemente condiviso che il docente in arrivo insegni per almeno otto ore la settimana<\/li>\n<\/ol>\n<ul>\n<li>LA NORMATIVA \u00a0DEI VISITING A LIVELLO NAZIONALE<\/li>\n<\/ul>\n<p>Su questo tema i vari atenei italiani si differenziano solo in pochissimi elementi. In particolare l\u2019unico discrimine significativo riguarda i requisiti di accesso per gli studiosi chiamati in Italia; alcuni atenei richiedono che gli studiosi abbiano la cittadinanza straniera, altri che essi abbiano almeno la doppia cittadinanza. Spesso taluni \u00a0atenei escludono fra i Visiting i cittadini italiani che siano solo residenti all\u2019estero. Di conseguenza per sapere se lo studioso potr\u00e0 venire in Italia, il docente proponente dovr\u00e0 consultare il regolamento del proprio ateneo.<\/p>\n<p>Comune invece a tutto il territorio nazionale \u00e8 la regola che la stipulazione di contratti di Visiting Professor, ai sensi dell\u2019articolo 23, comma 3, della Legge n.240\/2010, non dia luogo a diritti in ordine all&#8217;accesso ai ruoli universitari.<\/p>\n<p>Le figure previste dalla nostra normativa sono il Visiting Professor (studioso proveniente dall\u2019istituzione estera, affidatario di un\u2019attivit\u00e0 formativa nell\u2019ambito di un corso di studio, di un corso di dottorato di ricerca o di una scuola di alta formazione); il Visiting Researcher (studioso proveniente dall\u2019istituzione estera, che svolge un\u2019attivit\u00e0 di ricerca nell\u2019ambito di una struttura dipartimentale o interdipartimentale) e lo Short-Term Visiting o Fellow ( studioso o Phd proveniente dall\u2019istituzione estera, che svolge una collaborazione scientifica con eventuale partecipazione a seminari o cicli di conferenze); questi studiosi in genere si devono trattenere in Italia per un periodo non inferiore ad un mese per poter beneficiare dello status di Visiting; per i post doc e dottori di ricerca viene spesso concesso anche un periodo inferiore al mese.<\/p>\n<p>L\u2019accoglimento di Visiting Professor o Researcher avviene su proposta dei Consigli di Dipartimento. La proposta \u00e8 soggetta ad approvazione del Senato Accademico e del Consiglio di Amministrazione.<\/p>\n<p>Lo status di Visiting Professor o Visiting Researcher \u00e8 conferito con Decreto del Rettore.<\/p>\n<p><strong><span style=\"color: #993300;\">Gli studiosi che sono interessati a fare un periodo di mobilit\u00e0 in Italia possono compilare il format a questo link:\u00a0<a style=\"color: #993300;\" href=\"https:\/\/docs.google.com\/forms\/d\/1mVsSkDR41mwn-k8fGGx5aulu8kgKxOGQcfcawngVmoQ\/edit\">format per la mobilit\u00e0<\/a>.<\/span><\/strong><!--more--><\/p>\n","protected":false},"excerpt":{"rendered":"<p>Per avviare un discorso di mobilit\u00e0, \u00e8 necessario che l\u2019ateneo di appartenenza dello studioso che voglia partire e l\u2019ateneo del docente che debba ricevere l\u2019ospite straniero, prendano contatto fra loro. Tali contatti possono sfociare o in accordi ERASMUS o nella mobilit\u00e0 specifica dei Visiting Professor. ACCORDI ERASMUS Gli accordi ERASMUS sono disciplinati con normative pressoch\u00e9 &hellip; <a href=\"https:\/\/romanisticainvisiting.uniurb.it\/?page_id=7\" class=\"more-link\">Leggi tutto<span class=\"screen-reader-text\"> &#8220;Mobilit\u00e0&#8221;<\/span><\/a><\/p>\n","protected":false},"author":3,"featured_media":0,"parent":0,"menu_order":0,"comment_status":"closed","ping_status":"closed","template":"","meta":[],"_links":{"self":[{"href":"https:\/\/romanisticainvisiting.uniurb.it\/index.php?rest_route=\/wp\/v2\/pages\/7"}],"collection":[{"href":"https:\/\/romanisticainvisiting.uniurb.it\/index.php?rest_route=\/wp\/v2\/pages"}],"about":[{"href":"https:\/\/romanisticainvisiting.uniurb.it\/index.php?rest_route=\/wp\/v2\/types\/page"}],"author":[{"embeddable":true,"href":"https:\/\/romanisticainvisiting.uniurb.it\/index.php?rest_route=\/wp\/v2\/users\/3"}],"replies":[{"embeddable":true,"href":"https:\/\/romanisticainvisiting.uniurb.it\/index.php?rest_route=%2Fwp%2Fv2%2Fcomments&post=7"}],"version-history":[{"count":13,"href":"https:\/\/romanisticainvisiting.uniurb.it\/index.php?rest_route=\/wp\/v2\/pages\/7\/revisions"}],"predecessor-version":[{"id":66,"href":"https:\/\/romanisticainvisiting.uniurb.it\/index.php?rest_route=\/wp\/v2\/pages\/7\/revisions\/66"}],"wp:attachment":[{"href":"https:\/\/romanisticainvisiting.uniurb.it\/index.php?rest_route=%2Fwp%2Fv2%2Fmedia&parent=7"}],"curies":[{"name":"wp","href":"https:\/\/api.w.org\/{rel}","templated":true}]}}